{"id":775,"date":"2023-06-05T12:28:51","date_gmt":"2023-06-05T12:28:51","guid":{"rendered":"https:\/\/www.partners-service.mc\/?page_id=775"},"modified":"2023-06-06T19:36:16","modified_gmt":"2023-06-06T19:36:16","slug":"politica-ambientale","status":"publish","type":"page","link":"https:\/\/www.partners-service.mc\/it\/politica-ambientale\/","title":{"rendered":"Politica ambientale"},"content":{"rendered":"<div class=\"\">\n<p>Il rispetto per l&#8217;ambiente \u00e8 una delle nostre principali preoccupazioni nella nostra attivit\u00e0 di pulizia industriale. Questo punto \u00e8 essenziale anche per il nostro sviluppo economico e fa parte di un movimento globale che comprende i nostri clienti e fornitori.<\/p>\n<p>Da diversi anni PARTNER&#8217;S SERVICE \u00e8 una delle aziende coinvolte in un&#8217;iniziativa ambientale volta a ridurre gradualmente la propria impronta ecologica.<br \/>\nPrima azienda monegasca certificata ISO 14001 nel nostro settore, siamo anche firmatari della Carta della Fondazione Principe Alberto II di Monaco contro la deforestazione.<\/p>\n<p>Il nostro sistema di gestione ambientale si applica a tutti i nostri servizi di igiene e pulizia.<\/p>\n<p>Il nostro approccio \u00e8 volto a:<br \/>\n&#8211; Proteggere l&#8217;ambiente e in particolare prevenire l&#8217;inquinamento<br \/>\n&#8211; Garantire che le nostre attivit\u00e0 soddisfino i requisiti di conformit\u00e0<br \/>\n&#8211; cogliere le opportunit\u00e0 di miglioramento<\/p>\n<p>Le nostre priorit\u00e0 sono<br \/>\n&#8211; Prevenire tutte le forme di inquinamento<br \/>\n&#8211; Rispettare i requisiti di gestione dei rifiuti dei nostri clienti<br \/>\n&#8211; Ridurre l&#8217;impronta di carbonio dei nostri spostamenti<br \/>\n&#8211; Mantenere un acquisto eco-responsabile dei prodotti che utilizziamo<br \/>\n&#8211; Formare i nostri dipendenti e sensibilizzarli alle buone pratiche ambientali.<\/p>\n<p>Gli obiettivi misurabili sono definiti e monitorati nella scorecard aziendale. Per raggiungerli, tutti noi dobbiamo partecipare a questo approccio, per il quale sto fornendo tutte le risorse necessarie.<\/p>\n<p>Il responsabile ambientale \u00e8 incaricato di guidare l&#8217;approccio e garantire il miglioramento continuo del nostro Sistema di Gestione Ambientale, con il contributo di tutti i nostri team.<\/p>\n<\/div>\n<p><a href=\"https:\/\/www.partners-service.mc\/wp-content\/uploads\/2021\/12\/Politique-environnementale-Partners-Service-2021.pdf\" target=\"_blank\" rel=\"noopener\">Voir le document original<\/a><\/p>\n","protected":false},"excerpt":{"rendered":"<p>Il rispetto per l&#8217;ambiente \u00e8 una delle nostre principali preoccupazioni nella nostra attivit\u00e0 di pulizia industriale. Questo punto \u00e8 essenziale anche per il nostro sviluppo economico e fa parte di un movimento globale che comprende i nostri clienti e fornitori. Da diversi anni PARTNER&#8217;S SERVICE \u00e8 una delle aziende coinvolte in un&#8217;iniziativa ambientale volta a [&hellip;]<\/p>\n","protected":false},"author":5,"featured_media":0,"parent":0,"menu_order":0,"comment_status":"closed","ping_status":"closed","template":"","meta":{"footnotes":""},"class_list":["post-775","page","type-page","status-publish","hentry"],"acf":[],"yoast_head":"<!-- This site is optimized with the Yoast SEO plugin v20.9 - https:\/\/yoast.com\/wordpress\/plugins\/seo\/ -->\n<title>Politica ambientale - Partner&#039;s Service<\/title>\n<meta name=\"robots\" content=\"index, follow, max-snippet:-1, max-image-preview:large, max-video-preview:-1\" \/>\n<link rel=\"canonical\" href=\"https:\/\/www.partners-service.mc\/it\/politica-ambientale\/\" \/>\n<meta property=\"og:locale\" content=\"it_IT\" \/>\n<meta property=\"og:type\" content=\"article\" \/>\n<meta property=\"og:title\" content=\"Politica ambientale - Partner&#039;s Service\" \/>\n<meta property=\"og:description\" content=\"Il rispetto per l&#8217;ambiente \u00e8 una delle nostre principali preoccupazioni nella nostra attivit\u00e0 di pulizia industriale. Questo punto \u00e8 essenziale anche per il nostro sviluppo economico e fa parte di un movimento globale che comprende i nostri clienti e fornitori. Da diversi anni PARTNER&#8217;S SERVICE \u00e8 una delle aziende coinvolte in un&#8217;iniziativa ambientale volta a [&hellip;]\" \/>\n<meta property=\"og:url\" content=\"https:\/\/www.partners-service.mc\/it\/politica-ambientale\/\" \/>\n<meta property=\"og:site_name\" content=\"Partner&#039;s Service\" \/>\n<meta property=\"article:modified_time\" content=\"2023-06-06T19:36:16+00:00\" \/>\n<meta name=\"twitter:card\" content=\"summary_large_image\" \/>\n<meta name=\"twitter:label1\" content=\"Tempo di lettura stimato\" \/>\n\t<meta name=\"twitter:data1\" content=\"2 minuti\" \/>\n<script type=\"application\/ld+json\" class=\"yoast-schema-graph\">{\"@context\":\"https:\/\/schema.org\",\"@graph\":[{\"@type\":\"WebPage\",\"@id\":\"https:\/\/www.partners-service.mc\/it\/politica-ambientale\/\",\"url\":\"https:\/\/www.partners-service.mc\/it\/politica-ambientale\/\",\"name\":\"Politica ambientale - Partner&#039;s Service\",\"isPartOf\":{\"@id\":\"https:\/\/www.partners-service.mc\/it\/#website\"},\"datePublished\":\"2023-06-05T12:28:51+00:00\",\"dateModified\":\"2023-06-06T19:36:16+00:00\",\"breadcrumb\":{\"@id\":\"https:\/\/www.partners-service.mc\/it\/politica-ambientale\/#breadcrumb\"},\"inLanguage\":\"it-IT\",\"potentialAction\":[{\"@type\":\"ReadAction\",\"target\":[\"https:\/\/www.partners-service.mc\/it\/politica-ambientale\/\"]}]},{\"@type\":\"BreadcrumbList\",\"@id\":\"https:\/\/www.partners-service.mc\/it\/politica-ambientale\/#breadcrumb\",\"itemListElement\":[{\"@type\":\"ListItem\",\"position\":1,\"name\":\"Accueil\",\"item\":\"https:\/\/www.partners-service.mc\/it\/\"},{\"@type\":\"ListItem\",\"position\":2,\"name\":\"Politica ambientale\"}]},{\"@type\":\"WebSite\",\"@id\":\"https:\/\/www.partners-service.mc\/it\/#website\",\"url\":\"https:\/\/www.partners-service.mc\/it\/\",\"name\":\"Partner&#039;s Service\",\"description\":\"\",\"potentialAction\":[{\"@type\":\"SearchAction\",\"target\":{\"@type\":\"EntryPoint\",\"urlTemplate\":\"https:\/\/www.partners-service.mc\/it\/?s={search_term_string}\"},\"query-input\":\"required name=search_term_string\"}],\"inLanguage\":\"it-IT\"}]}<\/script>\n<!-- \/ Yoast SEO plugin. -->","yoast_head_json":{"title":"Politica ambientale - Partner&#039;s Service","robots":{"index":"index","follow":"follow","max-snippet":"max-snippet:-1","max-image-preview":"max-image-preview:large","max-video-preview":"max-video-preview:-1"},"canonical":"https:\/\/www.partners-service.mc\/it\/politica-ambientale\/","og_locale":"it_IT","og_type":"article","og_title":"Politica ambientale - Partner&#039;s Service","og_description":"Il rispetto per l&#8217;ambiente \u00e8 una delle nostre principali preoccupazioni nella nostra attivit\u00e0 di pulizia industriale. Questo punto \u00e8 essenziale anche per il nostro sviluppo economico e fa parte di un movimento globale che comprende i nostri clienti e fornitori. Da diversi anni PARTNER&#8217;S SERVICE \u00e8 una delle aziende coinvolte in un&#8217;iniziativa ambientale volta a [&hellip;]","og_url":"https:\/\/www.partners-service.mc\/it\/politica-ambientale\/","og_site_name":"Partner&#039;s Service","article_modified_time":"2023-06-06T19:36:16+00:00","twitter_card":"summary_large_image","twitter_misc":{"Tempo di lettura stimato":"2 minuti"},"schema":{"@context":"https:\/\/schema.org","@graph":[{"@type":"WebPage","@id":"https:\/\/www.partners-service.mc\/it\/politica-ambientale\/","url":"https:\/\/www.partners-service.mc\/it\/politica-ambientale\/","name":"Politica ambientale - Partner&#039;s Service","isPartOf":{"@id":"https:\/\/www.partners-service.mc\/it\/#website"},"datePublished":"2023-06-05T12:28:51+00:00","dateModified":"2023-06-06T19:36:16+00:00","breadcrumb":{"@id":"https:\/\/www.partners-service.mc\/it\/politica-ambientale\/#breadcrumb"},"inLanguage":"it-IT","potentialAction":[{"@type":"ReadAction","target":["https:\/\/www.partners-service.mc\/it\/politica-ambientale\/"]}]},{"@type":"BreadcrumbList","@id":"https:\/\/www.partners-service.mc\/it\/politica-ambientale\/#breadcrumb","itemListElement":[{"@type":"ListItem","position":1,"name":"Accueil","item":"https:\/\/www.partners-service.mc\/it\/"},{"@type":"ListItem","position":2,"name":"Politica ambientale"}]},{"@type":"WebSite","@id":"https:\/\/www.partners-service.mc\/it\/#website","url":"https:\/\/www.partners-service.mc\/it\/","name":"Partner&#039;s Service","description":"","potentialAction":[{"@type":"SearchAction","target":{"@type":"EntryPoint","urlTemplate":"https:\/\/www.partners-service.mc\/it\/?s={search_term_string}"},"query-input":"required name=search_term_string"}],"inLanguage":"it-IT"}]}},"_links":{"self":[{"href":"https:\/\/www.partners-service.mc\/it\/wp-json\/wp\/v2\/pages\/775","targetHints":{"allow":["GET"]}}],"collection":[{"href":"https:\/\/www.partners-service.mc\/it\/wp-json\/wp\/v2\/pages"}],"about":[{"href":"https:\/\/www.partners-service.mc\/it\/wp-json\/wp\/v2\/types\/page"}],"author":[{"embeddable":true,"href":"https:\/\/www.partners-service.mc\/it\/wp-json\/wp\/v2\/users\/5"}],"replies":[{"embeddable":true,"href":"https:\/\/www.partners-service.mc\/it\/wp-json\/wp\/v2\/comments?post=775"}],"version-history":[{"count":2,"href":"https:\/\/www.partners-service.mc\/it\/wp-json\/wp\/v2\/pages\/775\/revisions"}],"predecessor-version":[{"id":789,"href":"https:\/\/www.partners-service.mc\/it\/wp-json\/wp\/v2\/pages\/775\/revisions\/789"}],"wp:attachment":[{"href":"https:\/\/www.partners-service.mc\/it\/wp-json\/wp\/v2\/media?parent=775"}],"curies":[{"name":"wp","href":"https:\/\/api.w.org\/{rel}","templated":true}]}}